{"id":400,"date":"2016-09-20T18:48:45","date_gmt":"2016-09-20T18:48:45","guid":{"rendered":"http:\/\/misoli-ofdreamsandreality.de\/?page_id=400"},"modified":"2021-09-21T07:52:55","modified_gmt":"2021-09-21T07:52:55","slug":"impressum","status":"publish","type":"page","link":"http:\/\/misoli-ofdreamsandreality.de\/en\/sample-page\/impressum\/","title":{"rendered":"Impressum"},"content":{"rendered":"<div class=\"impressum\">\n<p><em><strong>S\u00e4mtliche Werbung auf dieser Seite ist freiwillig und unbezahlt. Bezahlte Werbung ist als solche gekennzeichnet.<\/strong><\/em><\/p>\n<p>Angaben gem\u00e4\u00df \u00a7 5 TMG<\/p>\n<p>22047 Hamburg<\/p>\n<p><strong>Vertreten durch: <\/strong><br \/>\nmisoli<\/p>\n<p><strong>Kontakt:<\/strong><br \/>\n-&gt; <a href=\"http:\/\/misoli-ofdreamsandreality.de\/sample-page\/\">Kontaktformular<\/a><\/p>\n<p><strong>Verantwortlich f\u00fcr den Inhalt nach \u00a7 55 Abs. 2 RStV:<\/strong><\/p>\n<p>22047 Hamburg<\/p>\n<p><strong>Haftungsausschluss: <\/strong><\/p>\n<p><strong>Haftung f\u00fcr Inhalte<\/strong><\/p>\n<p>Die Inhalte unserer Seiten wurden mit gr\u00f6\u00dfter Sorgfalt erstellt. F\u00fcr die Richtigkeit, Vollst\u00e4ndigkeit und Aktualit\u00e4t der Inhalte k\u00f6nnen wir jedoch keine Gew\u00e4hr \u00fcbernehmen. Als Diensteanbieter sind wir gem\u00e4\u00df \u00a7 7 Abs.1 TMG f\u00fcr eigene Inhalte auf diesen Seiten nach den allgemeinen Gesetzen verantwortlich. Nach \u00a7\u00a7 8 bis 10 TMG sind wir als Diensteanbieter jedoch nicht verpflichtet, \u00fcbermittelte oder gespeicherte fremde Informationen zu \u00fcberwachen oder nach Umst\u00e4nden zu forschen, die auf eine rechtswidrige T\u00e4tigkeit hinweisen. Verpflichtungen zur Entfernung oder Sperrung der Nutzung von Informationen nach den allgemeinen Gesetzen bleiben hiervon unber\u00fchrt. Eine diesbez\u00fcgliche Haftung ist jedoch erst ab dem Zeitpunkt der Kenntnis einer konkreten Rechtsverletzung m\u00f6glich. Bei Bekanntwerden von entsprechenden Rechtsverletzungen werden wir diese Inhalte umgehend entfernen.<\/p>\n<p><strong>Haftung f\u00fcr Links<\/strong><\/p>\n<p>Unser Angebot enth\u00e4lt Links zu externen Webseiten Dritter, auf deren Inhalte wir keinen Einfluss haben. Deshalb k\u00f6nnen wir f\u00fcr diese fremden Inhalte auch keine Gew\u00e4hr \u00fcbernehmen. F\u00fcr die Inhalte der verlinkten Seiten ist stets der jeweilige Anbieter oder Betreiber der Seiten verantwortlich. Die verlinkten Seiten wurden zum Zeitpunkt der Verlinkung auf m\u00f6gliche Rechtsverst\u00f6\u00dfe \u00fcberpr\u00fcft. Rechtswidrige Inhalte waren zum Zeitpunkt der Verlinkung nicht erkennbar. Eine permanente inhaltliche Kontrolle der verlinkten Seiten ist jedoch ohne konkrete Anhaltspunkte einer Rechtsverletzung nicht zumutbar. Bei Bekanntwerden von Rechtsverletzungen werden wir derartige Links umgehend entfernen.<\/p>\n<p><strong>Urheberrecht<\/strong><\/p>\n<p>Die durch die Seitenbetreiber erstellten Inhalte und Werke auf diesen Seiten unterliegen dem deutschen Urheberrecht. Die Vervielf\u00e4ltigung, Bearbeitung, Verbreitung und jede Art der Verwertung au\u00dferhalb der Grenzen des Urheberrechtes bed\u00fcrfen der schriftlichen Zustimmung des jeweiligen Autors bzw. Erstellers. Downloads und Kopien dieser Seite sind nur f\u00fcr den privaten, nicht kommerziellen Gebrauch gestattet. Soweit die Inhalte auf dieser Seite nicht vom Betreiber erstellt wurden, werden die Urheberrechte Dritter beachtet. Insbesondere werden Inhalte Dritter als solche gekennzeichnet. Sollten Sie trotzdem auf eine Urheberrechtsverletzung aufmerksam werden, bitten wir um einen entsprechenden Hinweis. Bei Bekanntwerden von Rechtsverletzungen werden wir derartige Inhalte umgehend entfernen.<\/p>\n<p><strong>Datenschutz<\/strong><\/p>\n<p>Die Nutzung unserer Webseite ist in der Regel ohne Angabe personenbezogener Daten m\u00f6glich. Soweit auf unseren Seiten personenbezogene Daten (beispielsweise Name, Anschrift oder eMail-Adressen) erhoben werden, erfolgt dies, soweit m\u00f6glich, stets auf freiwilliger Basis. Diese Daten werden ohne Ihre ausdr\u00fcckliche Zustimmung nicht an Dritte weitergegeben.<br \/>\nWir weisen darauf hin, dass die Daten\u00fcbertragung im Internet (z.B. bei der Kommunikation per E-Mail) Sicherheitsl\u00fccken aufweisen kann. Ein l\u00fcckenloser Schutz der Daten vor dem Zugriff durch Dritte ist nicht m\u00f6glich.<br \/>\nDer Nutzung von im Rahmen der Impressumspflicht ver\u00f6ffentlichten Kontaktdaten durch Dritte zur \u00dcbersendung von nicht ausdr\u00fccklich angeforderter Werbung und Informationsmaterialien wird hiermit ausdr\u00fccklich widersprochen. Die Betreiber der Seiten behalten sich ausdr\u00fccklich rechtliche Schritte im Falle der unverlangten Zusendung von Werbeinformationen, etwa durch Spam-Mails, vor.<\/p>\n<p>Das Impressum dieser Homepage wurde mit dem <a href=\"http:\/\/www.impressum-generator.de\/\">Impressum Generator<\/a> der <a href=\"http:\/\/www.kanzlei-hasselbach.de\" rel=\"nofollow\">Kanzlei Hasselbach<\/a> erstellt<\/p>\n<\/div>\n","protected":false},"excerpt":{"rendered":"<p>S\u00e4mtliche Werbung auf dieser Seite ist freiwillig und unbezahlt. Bezahlte Werbung ist als solche gekennzeichnet. Angaben gem\u00e4\u00df \u00a7 5 TMG 22047 Hamburg Vertreten durch: misoli Kontakt: -&gt; Kontaktformular Verantwortlich f\u00fcr den Inhalt nach \u00a7 55 Abs. 2 RStV: 22047 Hamburg Haftungsausschluss: Haftung f\u00fcr Inhalte Die Inhalte unserer Seiten wurden mit\u2026<\/p>\n<p> <a class=\"continue-reading-link\" href=\"http:\/\/misoli-ofdreamsandreality.de\/en\/sample-page\/impressum\/\"><span>weiter | continue<\/span><i class=\"crycon-right-dir\"><\/i><\/a> <\/p>\n","protected":false},"author":1,"featured_media":0,"parent":2,"menu_order":0,"comment_status":"closed","ping_status":"closed","template":"","meta":{"jetpack_post_was_ever_published":false,"footnotes":""},"class_list":["post-400","page","type-page","status-publish","hentry"],"translation":{"provider":"WPGlobus","version":"3.0.2","language":"en","enabled_languages":["de","en"],"languages":{"de":{"title":true,"content":true,"excerpt":false},"en":{"title":false,"content":false,"excerpt":false}}},"yoast_head":"<!-- This site is optimized with the Yoast SEO plugin v27.4 - https:\/\/yoast.com\/product\/yoast-seo-wordpress\/ -->\n<title>Impressum - Of Dreams and Reality<\/title>\n<meta name=\"robots\" content=\"index, follow, max-snippet:-1, max-image-preview:large, max-video-preview:-1\" \/>\n<link rel=\"canonical\" href=\"http:\/\/misoli-ofdreamsandreality.de\/sample-page\/impressum\/\" \/>\n<meta property=\"og:locale\" content=\"en_US\" \/>\n<meta property=\"og:type\" content=\"article\" \/>\n<meta property=\"og:title\" content=\"Impressum - Of Dreams and Reality\" \/>\n<meta property=\"og:url\" content=\"http:\/\/misoli-ofdreamsandreality.de\/sample-page\/impressum\/\" \/>\n<meta property=\"og:site_name\" content=\"Of Dreams and Reality\" \/>\n<meta property=\"article:modified_time\" content=\"2021-09-21T07:52:55+00:00\" \/>\n<meta name=\"twitter:card\" content=\"summary_large_image\" \/>\n<meta name=\"twitter:label1\" content=\"Est. reading time\" \/>\n\t<meta name=\"twitter:data1\" content=\"3 minutes\" \/>\n<script type=\"application\/ld+json\" class=\"yoast-schema-graph\">{\"@context\":\"https:\\\/\\\/schema.org\",\"@graph\":[{\"@type\":\"WebPage\",\"@id\":\"http:\\\/\\\/misoli-ofdreamsandreality.de\\\/sample-page\\\/impressum\\\/\",\"url\":\"http:\\\/\\\/misoli-ofdreamsandreality.de\\\/sample-page\\\/impressum\\\/\",\"name\":\"Impressum - Of Dreams and Reality\",\"isPartOf\":{\"@id\":\"http:\\\/\\\/misoli-ofdreamsandreality.de\\\/en\\\/#website\"},\"datePublished\":\"2016-09-20T18:48:45+00:00\",\"dateModified\":\"2021-09-21T07:52:55+00:00\",\"breadcrumb\":{\"@id\":\"http:\\\/\\\/misoli-ofdreamsandreality.de\\\/sample-page\\\/impressum\\\/#breadcrumb\"},\"inLanguage\":\"en-US\",\"potentialAction\":[{\"@type\":\"ReadAction\",\"target\":[\"http:\\\/\\\/misoli-ofdreamsandreality.de\\\/sample-page\\\/impressum\\\/\"]}]},{\"@type\":\"BreadcrumbList\",\"@id\":\"http:\\\/\\\/misoli-ofdreamsandreality.de\\\/sample-page\\\/impressum\\\/#breadcrumb\",\"itemListElement\":[{\"@type\":\"ListItem\",\"position\":1,\"name\":\"Startseite\",\"item\":\"http:\\\/\\\/misoli-ofdreamsandreality.de\\\/en\\\/\"},{\"@type\":\"ListItem\",\"position\":2,\"name\":\"Kontakt\",\"item\":\"http:\\\/\\\/misoli-ofdreamsandreality.de\\\/sample-page\\\/\"},{\"@type\":\"ListItem\",\"position\":3,\"name\":\"Impressum\"}]},{\"@type\":\"WebSite\",\"@id\":\"http:\\\/\\\/misoli-ofdreamsandreality.de\\\/en\\\/#website\",\"url\":\"http:\\\/\\\/misoli-ofdreamsandreality.de\\\/en\\\/\",\"name\":\"Of Dreams and Reality\",\"description\":\"a blog by misoli\",\"potentialAction\":[{\"@type\":\"SearchAction\",\"target\":{\"@type\":\"EntryPoint\",\"urlTemplate\":\"http:\\\/\\\/misoli-ofdreamsandreality.de\\\/en\\\/?s={search_term_string}\"},\"query-input\":{\"@type\":\"PropertyValueSpecification\",\"valueRequired\":true,\"valueName\":\"search_term_string\"}}],\"inLanguage\":\"en-US\"}]}<\/script>\n<!-- \/ Yoast SEO plugin. -->","yoast_head_json":{"title":"Impressum - Of Dreams and Reality","robots":{"index":"index","follow":"follow","max-snippet":"max-snippet:-1","max-image-preview":"max-image-preview:large","max-video-preview":"max-video-preview:-1"},"canonical":"http:\/\/misoli-ofdreamsandreality.de\/sample-page\/impressum\/","og_locale":"en_US","og_type":"article","og_title":"Impressum - Of Dreams and Reality","og_url":"http:\/\/misoli-ofdreamsandreality.de\/sample-page\/impressum\/","og_site_name":"Of Dreams and Reality","article_modified_time":"2021-09-21T07:52:55+00:00","twitter_card":"summary_large_image","twitter_misc":{"Est. reading time":"3 minutes"},"schema":{"@context":"https:\/\/schema.org","@graph":[{"@type":"WebPage","@id":"http:\/\/misoli-ofdreamsandreality.de\/sample-page\/impressum\/","url":"http:\/\/misoli-ofdreamsandreality.de\/sample-page\/impressum\/","name":"Impressum - Of Dreams and Reality","isPartOf":{"@id":"http:\/\/misoli-ofdreamsandreality.de\/en\/#website"},"datePublished":"2016-09-20T18:48:45+00:00","dateModified":"2021-09-21T07:52:55+00:00","breadcrumb":{"@id":"http:\/\/misoli-ofdreamsandreality.de\/sample-page\/impressum\/#breadcrumb"},"inLanguage":"en-US","potentialAction":[{"@type":"ReadAction","target":["http:\/\/misoli-ofdreamsandreality.de\/sample-page\/impressum\/"]}]},{"@type":"BreadcrumbList","@id":"http:\/\/misoli-ofdreamsandreality.de\/sample-page\/impressum\/#breadcrumb","itemListElement":[{"@type":"ListItem","position":1,"name":"Startseite","item":"http:\/\/misoli-ofdreamsandreality.de\/en\/"},{"@type":"ListItem","position":2,"name":"Kontakt","item":"http:\/\/misoli-ofdreamsandreality.de\/sample-page\/"},{"@type":"ListItem","position":3,"name":"Impressum"}]},{"@type":"WebSite","@id":"http:\/\/misoli-ofdreamsandreality.de\/en\/#website","url":"http:\/\/misoli-ofdreamsandreality.de\/en\/","name":"Of Dreams and Reality","description":"a blog by misoli","potentialAction":[{"@type":"SearchAction","target":{"@type":"EntryPoint","urlTemplate":"http:\/\/misoli-ofdreamsandreality.de\/en\/?s={search_term_string}"},"query-input":{"@type":"PropertyValueSpecification","valueRequired":true,"valueName":"search_term_string"}}],"inLanguage":"en-US"}]}},"jetpack_shortlink":"https:\/\/wp.me\/P7YyvR-6s","jetpack_sharing_enabled":true,"jetpack_likes_enabled":true,"jetpack-related-posts":[{"id":1903,"url":"http:\/\/misoli-ofdreamsandreality.de\/en\/finnische-musikgeschichte\/historischer-hintergrund\/","url_meta":{"origin":400,"position":0},"title":"Historischer Hintergrund","author":"misoli","date":"June 26, 2018","format":false,"excerpt":"Finnland, wie man es heute kennt, ist eine relativ junge Nation. Erst im Jahre 1917 erlangte es seine Unabh\u00e4ngigkeit, ein Ereignis, das die Finnen sehr stolz macht. So stand das gesamte Jahr 2017 im Zeichen der 100-j\u00e4hrigen Unabh\u00e4ngigkeitsfeier. \u00a0 Geschichte und Gesellschaft Finnlands bis 1900 Im Jahre 1323 wurde ein\u2026","rel":"","context":"Similar post","block_context":{"text":"Similar post","link":""},"img":{"alt_text":"","src":"","width":0,"height":0},"classes":[]},{"id":1571,"url":"http:\/\/misoli-ofdreamsandreality.de\/en\/miriam-suomessa-sneek-peek\/","url_meta":{"origin":400,"position":1},"title":"Miriam Suomessa &#8211; Sneek Peek","author":"misoli","date":"March 31, 2018","format":false,"excerpt":"Ein Blog \u00fcber 10 Monate Au Pair in Finnland. Hier sind nur Ausschnitte aus dem Blog, wer ihn komplett lesen m\u00f6chte, kann mir gerne eine Nachricht schreiben, dann gibt es einen Einladungslink. In der ausf\u00fchrlichen Version gibt es dann auch Bilder :) Samstag, 21. August 2010 Die erste Woche in\u2026","rel":"","context":"Similar post","block_context":{"text":"Similar post","link":""},"img":{"alt_text":"","src":"","width":0,"height":0},"classes":[]},{"id":2230,"url":"http:\/\/misoli-ofdreamsandreality.de\/en\/welcome\/","url_meta":{"origin":400,"position":2},"title":"Welcome","author":"misoli","date":"February 2, 2020","format":false,"excerpt":"(German version below) Welcome to my blog! As you might have noticed this blog is bilingual. At least more or less... ;) However, this does not mean that all posts will have a translation. Some posts will be in German and English, some posts might be only in English and\u2026","rel":"","context":"Similar post","block_context":{"text":"Similar post","link":""},"img":{"alt_text":"","src":"","width":0,"height":0},"classes":[]},{"id":1822,"url":"http:\/\/misoli-ofdreamsandreality.de\/en\/musik\/","url_meta":{"origin":400,"position":3},"title":"Musik","author":"misoli","date":"June 25, 2018","format":false,"excerpt":"Eine Extrakategorie zum Thema Musik? K\u00f6nnte das nicht auch einfach unter \"Blog Deutsch\" bzw. unter \"Blog Englisch\"? Die Antwort ist jain. Ja - weil es hier auch einen Blog-Teil zum Thema Musik geben wird. Zu CDs, Konzerten, B\u00fcchern und was mir sonst so einf\u00e4llt. Nein - weil es hier auch\u2026","rel":"","context":"Similar post","block_context":{"text":"Similar post","link":""},"img":{"alt_text":"","src":"","width":0,"height":0},"classes":[]},{"id":1913,"url":"http:\/\/misoli-ofdreamsandreality.de\/en\/finnische-musikgeschichte\/komponisten-in-finnland\/","url_meta":{"origin":400,"position":4},"title":"Komponisten in Finnland","author":"misoli","date":"June 27, 2018","format":false,"excerpt":"Komponisten vor Sibelius Das Musikleben in Finnland entwickelte sich sp\u00e4ter als in Mitteleuropa. Doch auch hier gibt es bereits ein paar fr\u00fche Komponisten, die nicht au\u00dfen vor gelassen werden sollten. Zwei fr\u00fche Komponisten finden in der Musikgeschichte Finnlands immer wieder Erw\u00e4hnung: Erik Tulindberg (1761-1814), der heute als der erste wichtige\u2026","rel":"","context":"Similar post","block_context":{"text":"Similar post","link":""},"img":{"alt_text":"","src":"","width":0,"height":0},"classes":[]},{"id":1918,"url":"http:\/\/misoli-ofdreamsandreality.de\/en\/finnische-musikgeschichte\/jean-sibelius-und-die-anderen\/","url_meta":{"origin":400,"position":5},"title":"Jean Sibelius und die anderen","author":"misoli","date":"June 27, 2018","format":false,"excerpt":"\u201eLeevi Madetoja is generally ranked among the most important of those Finnish composers whose careers spanned the first few decades of this century, during a time which was marked in society by unstable political conditions and the strug-gle to achieve and maintain national independence, and in music circles by the\u2026","rel":"","context":"Similar post","block_context":{"text":"Similar post","link":""},"img":{"alt_text":"","src":"","width":0,"height":0},"classes":[]}],"_links":{"self":[{"href":"http:\/\/misoli-ofdreamsandreality.de\/en\/wp-json\/wp\/v2\/pages\/400","targetHints":{"allow":["GET"]}}],"collection":[{"href":"http:\/\/misoli-ofdreamsandreality.de\/en\/wp-json\/wp\/v2\/pages"}],"about":[{"href":"http:\/\/misoli-ofdreamsandreality.de\/en\/wp-json\/wp\/v2\/types\/page"}],"author":[{"embeddable":true,"href":"http:\/\/misoli-ofdreamsandreality.de\/en\/wp-json\/wp\/v2\/users\/1"}],"replies":[{"embeddable":true,"href":"http:\/\/misoli-ofdreamsandreality.de\/en\/wp-json\/wp\/v2\/comments?post=400"}],"version-history":[{"count":11,"href":"http:\/\/misoli-ofdreamsandreality.de\/en\/wp-json\/wp\/v2\/pages\/400\/revisions"}],"predecessor-version":[{"id":2627,"href":"http:\/\/misoli-ofdreamsandreality.de\/en\/wp-json\/wp\/v2\/pages\/400\/revisions\/2627"}],"up":[{"embeddable":true,"href":"http:\/\/misoli-ofdreamsandreality.de\/en\/wp-json\/wp\/v2\/pages\/2"}],"wp:attachment":[{"href":"http:\/\/misoli-ofdreamsandreality.de\/en\/wp-json\/wp\/v2\/media?parent=400"}],"curies":[{"name":"wp","href":"https:\/\/api.w.org\/{rel}","templated":true}]}}